{"id":29848,"date":"2021-12-07T16:24:02","date_gmt":"2021-12-07T14:24:02","guid":{"rendered":"https:\/\/www.pirkanmaantanssinkeskus.fi\/tapahtumat\/"},"modified":"2023-09-06T12:34:54","modified_gmt":"2023-09-06T09:34:54","slug":"events","status":"publish","type":"page","link":"https:\/\/www.pirkanmaantanssinkeskus.fi\/en\/events\/","title":{"rendered":"Events"},"content":{"rendered":"\n<div class=\"wp-block-cover alignfull is-light className\" style=\"min-height:55vh;aspect-ratio:unset;\"><span aria-hidden=\"true\" class=\"wp-block-cover__background has-background-dim-30 has-background-dim\"><\/span><img loading=\"lazy\" decoding=\"async\" width=\"2560\" height=\"1707\" class=\"wp-block-cover__image-background wp-image-26064\" alt=\"\" src=\"http:\/\/www.pirkanmaantanssinkeskus.fi\/wp-content\/uploads\/2022\/02\/IMG_5225.jpg\" style=\"object-position:63% 4%\" data-object-fit=\"cover\" data-object-position=\"63% 4%\" srcset=\"https:\/\/www.pirkanmaantanssinkeskus.fi\/wp-content\/uploads\/2022\/02\/IMG_5225.jpg 2560w, https:\/\/www.pirkanmaantanssinkeskus.fi\/wp-content\/uploads\/2022\/02\/IMG_5225-720x480.jpg 720w, https:\/\/www.pirkanmaantanssinkeskus.fi\/wp-content\/uploads\/2022\/02\/IMG_5225-1440x960.jpg 1440w, https:\/\/www.pirkanmaantanssinkeskus.fi\/wp-content\/uploads\/2022\/02\/IMG_5225-2048x1366.jpg 2048w\" sizes=\"auto, (max-width: 2560px) 100vw, 2560px\" \/><div class=\"wp-block-cover__inner-container is-layout-flow wp-block-cover-is-layout-flow\">\n<h1 class=\"wp-block-heading has-text-align-center has-valkoinen-color has-text-color\" id=\"tapahtumat\">Events<\/h1>\n<\/div><\/div>\n\n\n\r\n<div id=\"max-width-block_61c0f3acad161\" class=\"wp-block block-max-width\">\r\n\t<div class=\"block-max-width__inner\" style=\"max-width: 800px;\">\r\n\t\t\n\n<p class=\"has-text-align-center has-large-font-size\"><br><\/p>\n\n\n\n<div class=\"wp-block-columns is-layout-flex wp-container-core-columns-is-layout-9d6595d7 wp-block-columns-is-layout-flex\">\n<div class=\"wp-block-column is-layout-flow wp-block-column-is-layout-flow\">\n<p>In the Events-page you can find dance pieces, which are performed at Liikelaituri and also elsewhere in Pirkanmaa.<\/p>\n\n\n\n<p>Liikelaituri is a gallery-like performance space in the center of Tampere that focuses on contemporary dance. Here you can see most of the productions of the dance artists employed by Pirkanmaa Dance Centre and the association&#8217;s members, and also guest performances.<\/p>\n\n\n\n<p>In addition, performances and events of partners and other cultural associations are organized in the space.<\/p>\n<\/div>\n\n\n\n<div class=\"wp-block-column is-layout-flow wp-block-column-is-layout-flow\">\n<p><strong>Accessibility:<\/strong><br><br>Unrestricted path to Liikelaituri is from the street Pinninkatu (address Pinninkatu 55 A, in the door it says 58 D) from the floor number, 0 take the elevator to floor number 1.<br><br>The elevator doors open next to the Liikelaituri main door.<br>If you come from the street Yliopistonkatu (address Yliopistonkatu 58 D) there are few steps. Both outside doors have the buzzer called \u201cPirkanmaan Tanssin Keskus\u201d.<\/p>\n\n\n\n<p>Ticket sales take place outside Liikelaituris door in the lobby.<br>The facility has an accessible toilet.<br>There are wheelchair spaces in the stand, which is being built separately.<\/p>\n\n\n\n<p>You can find information about ticket sales in the events.<\/p>\n<\/div>\n<\/div>\n\n\n\n<p class=\"has-text-align-center has-large-font-size\"><\/p>\n\n\n\n<p class=\"has-text-align-center\">Picture: Rajaniemi Collective: Mist\u00e4 on isot tyt\u00f6t tehty? (2020) Photographer: Jussi S\u00e4il\u00e4<\/p>\n\n\r\n\t<\/div>\r\n\t<\/div>\n\n\r\n<div id=\"upcoming-events-block_61c0f3bcad162\" class=\"block-upcoming-events\">\r\n\t\t\t\t\t\t<div class=\"grid-x grid-margin-x event\">\r\n\t\t\t\t<div class=\"small-12 medium-6 large-5 cell\">\r\n\t\t\t\t\t<a href=\"https:\/\/www.pirkanmaantanssinkeskus.fi\/en\/tapahtumat\/elavaksi-liikutettu-runo\/\">\r\n\t\t\t\t\t\t<div class=\"event-image\">\r\n\t\t\t\t\t\t\t\t\t\t\t\t\t\t<img decoding=\"async\" src=\"https:\/\/www.pirkanmaantanssinkeskus.fi\/wp-content\/uploads\/2026\/02\/Pressikuvat_web-6-2.jpg\" srcset=\"\" style=\"object-position: 3% 22.59%;\">\r\n\t\t\t\t\t\t<\/div>\r\n\t\t\t\t\t<\/a>\r\n\t\t\t\t<\/div>\r\n\t\t\t\t<div class=\"small-12 medium-6 large-7 cell event-info flex-container flex-dir-column align-center\">\r\n\t\t\t\t\t\t\t\t\t\t<span class=\"event-date\">\r\n\t\t\t\t\t\t24.4.&ndash;9.5.2026  \/ Liikelaituri &#038; kulttuuritilat\t\t\t\t\t<\/span>\r\n\t\t\t\t\t<a href=\"https:\/\/www.pirkanmaantanssinkeskus.fi\/en\/tapahtumat\/elavaksi-liikutettu-runo\/\">\r\n\t\t\t\t\t\t<h2 class=\"h4\">El\u00e4v\u00e4ksi liikutettu runo<\/h2>\r\n\t\t\t\t\t<\/a>\r\n\t\t\t\t\t<p>A contemporary dance performance sprouting from movement, words, and sound; branching from sitar and the Finnish language; vibrating in the bloodstream and composting into a memory of space.<\/p>\n\t\t\t\t\t<div class=\"wp-block-buttons\">\r\n\t\t\t\t\t\t<div class=\"wp-block-button is-style-arrow\">\r\n\t\t\t\t\t\t\t<a class=\"wp-block-button__link\" href=\"https:\/\/www.pirkanmaantanssinkeskus.fi\/en\/tapahtumat\/elavaksi-liikutettu-runo\/\">Read more<\/a>\r\n\t\t\t\t\t\t<\/div>\r\n\t\t\t\t\t<\/div>\r\n\t\t\t\t<\/div>\r\n\t\t\t<\/div>\r\n\t\t\t\t\t<\/div>\n\n\n<div class=\"wp-block-buttons is-horizontal is-content-justification-right is-layout-flex wp-container-core-buttons-is-layout-ae2fe186 wp-block-buttons-is-layout-flex\">\n<div class=\"wp-block-button is-style-arrow\"><a class=\"wp-block-button__link has-transparent-background-color has-background wp-element-button\" href=\"\/tapahtuma-arkisto\">Events archive<\/a><\/div>\n<\/div>\n\n\n\n<div class=\"wp-block-buttons is-content-justification-right is-layout-flex wp-container-core-buttons-is-layout-765c4724 wp-block-buttons-is-layout-flex\">\n<div class=\"wp-block-button is-style-arrow\"><a class=\"wp-block-button__link has-musta-color has-transparent-background-color has-text-color has-background wp-element-button\" href=\"https:\/\/www.pirkanmaantanssinkeskus.fi\/en\/liikelaituri\/\">Interested in Liikelaituri?<\/a><\/div>\n<\/div>\n","protected":false},"excerpt":{"rendered":"","protected":false},"author":1,"featured_media":0,"parent":0,"menu_order":0,"comment_status":"closed","ping_status":"closed","template":"","meta":{"_acf_changed":false,"footnotes":""},"class_list":["post-29848","page","type-page","status-publish","hentry"],"acf":[],"_links":{"self":[{"href":"https:\/\/www.pirkanmaantanssinkeskus.fi\/en\/wp-json\/wp\/v2\/pages\/29848","targetHints":{"allow":["GET"]}}],"collection":[{"href":"https:\/\/www.pirkanmaantanssinkeskus.fi\/en\/wp-json\/wp\/v2\/pages"}],"about":[{"href":"https:\/\/www.pirkanmaantanssinkeskus.fi\/en\/wp-json\/wp\/v2\/types\/page"}],"author":[{"embeddable":true,"href":"https:\/\/www.pirkanmaantanssinkeskus.fi\/en\/wp-json\/wp\/v2\/users\/1"}],"replies":[{"embeddable":true,"href":"https:\/\/www.pirkanmaantanssinkeskus.fi\/en\/wp-json\/wp\/v2\/comments?post=29848"}],"version-history":[{"count":13,"href":"https:\/\/www.pirkanmaantanssinkeskus.fi\/en\/wp-json\/wp\/v2\/pages\/29848\/revisions"}],"predecessor-version":[{"id":29880,"href":"https:\/\/www.pirkanmaantanssinkeskus.fi\/en\/wp-json\/wp\/v2\/pages\/29848\/revisions\/29880"}],"wp:attachment":[{"href":"https:\/\/www.pirkanmaantanssinkeskus.fi\/en\/wp-json\/wp\/v2\/media?parent=29848"}],"curies":[{"name":"wp","href":"https:\/\/api.w.org\/{rel}","templated":true}]}}